{"id":672,"date":"2022-01-10T10:03:18","date_gmt":"2022-01-10T10:03:18","guid":{"rendered":"https:\/\/poiopescamarfs.es\/home-2\/"},"modified":"2025-08-21T14:32:53","modified_gmt":"2025-08-21T12:32:53","slug":"home-2","status":"publish","type":"page","link":"https:\/\/poiopescamarfs.es\/gl\/","title":{"rendered":"Home"},"content":{"rendered":"<p>[et_pb_section fb_built=&#8221;1&#8243; _builder_version=&#8221;4.9.7&#8243; _module_preset=&#8221;default&#8221; custom_margin=&#8221;0px||0px||false|false&#8221; custom_padding=&#8221;0px||0px||false|false&#8221;][et_pb_row disabled_on=&#8221;on|on|on&#8221; _builder_version=&#8221;4.9.7&#8243; _module_preset=&#8221;default&#8221; width=&#8221;100%&#8221; max_width=&#8221;100%&#8221; custom_margin=&#8221;0px||0px||false|false&#8221; custom_padding=&#8221;0px||0px||false|false&#8221; disabled=&#8221;on&#8221;][et_pb_column type=&#8221;4_4&#8243; _builder_version=&#8221;4.9.7&#8243; _module_preset=&#8221;default&#8221;][et_pb_slider _builder_version=&#8221;4.9.7&#8243; _module_preset=&#8221;default&#8221; header_font=&#8221;|800|||||||&#8221; module_alignment=&#8221;right&#8221; content_max_width=&#8221;60%&#8221; min_height=&#8221;600px&#8221; min_height_tablet=&#8221;240px&#8221; min_height_phone=&#8221;100px&#8221; min_height_last_edited=&#8221;on|phone&#8221; auto=&#8221;on&#8221; auto_speed=&#8221;6000&#8243; auto_ignore_hover=&#8221;on&#8221;][et_pb_slide _builder_version=&#8221;4.9.7&#8243; _module_preset=&#8221;default&#8221; background_image=&#8221;https:\/\/poiopescamarfs.es\/wp-content\/uploads\/2025\/08\/Portada-Web-08-25.jpg&#8221; background_enable_image=&#8221;on&#8221; sticky_transition=&#8221;on&#8221;][\/et_pb_slide][\/et_pb_slider][\/et_pb_column][\/et_pb_row][et_pb_row _builder_version=&#8221;4.9.7&#8243; _module_preset=&#8221;default&#8221; width=&#8221;100%&#8221; max_width=&#8221;100%&#8221; custom_margin=&#8221;0px||0px||false|false&#8221; custom_padding=&#8221;0px||0px||false|false&#8221; locked=&#8221;off&#8221;][et_pb_column type=&#8221;4_4&#8243; _builder_version=&#8221;4.9.7&#8243; _module_preset=&#8221;default&#8221;][et_pb_image src=&#8221;https:\/\/poiopescamarfs.es\/wp-content\/uploads\/2025\/08\/Portada-Web-08-25.jpg&#8221; title_text=&#8221;Portada Web-08-25&#8243; align=&#8221;center&#8221; force_fullwidth=&#8221;on&#8221; _builder_version=&#8221;4.9.7&#8243; _module_preset=&#8221;default&#8221;][\/et_pb_image][\/et_pb_column][\/et_pb_row][\/et_pb_section][et_pb_section fb_built=&#8221;1&#8243; _builder_version=&#8221;4.9.7&#8243; _module_preset=&#8221;default&#8221;][et_pb_row column_structure=&#8221;1_2,1_2&#8243; make_equal=&#8221;on&#8221; _builder_version=&#8221;4.9.7&#8243; _module_preset=&#8221;default&#8221;][et_pb_column type=&#8221;1_2&#8243; module_class=&#8221;ds-vertical-align&#8221; _builder_version=&#8221;4.9.7&#8243; _module_preset=&#8221;default&#8221;][et_pb_image src=&#8221;https:\/\/poiopescamarfs.es\/wp-content\/uploads\/2022\/03\/Imagen-el-club.jpg&#8221; alt=&#8221;Club de Futbol Sala Poio Pescamar&#8221; title_text=&#8221;Imagen el club&#8221; align=&#8221;center&#8221; _builder_version=&#8221;4.9.7&#8243; _module_preset=&#8221;default&#8221; custom_margin=&#8221;-80px||-80px||false|false&#8221; custom_margin_tablet=&#8221;&#8221; custom_margin_phone=&#8221;0px||0px||false|false&#8221; custom_margin_last_edited=&#8221;on|tablet&#8221; hover_enabled=&#8221;0&#8243; sticky_enabled=&#8221;0&#8243;][\/et_pb_image][\/et_pb_column][et_pb_column type=&#8221;1_2&#8243; module_class=&#8221;ds-vertical-align&#8221; _builder_version=&#8221;4.9.7&#8243; _module_preset=&#8221;default&#8221;][et_pb_text _builder_version=&#8221;4.9.7&#8243; _module_preset=&#8221;default&#8221; text_font=&#8221;||||||||&#8221; header_font=&#8221;|800||on|||||&#8221; header_text_color=&#8221;#D91E25&#8243; header_font_size=&#8221;22px&#8221; header_2_font=&#8221;|800|||||||&#8221; header_2_text_color=&#8221;#AC8923&#8243; header_2_font_size=&#8221;72px&#8221; header_2_font_size_tablet=&#8221;&#8221; header_2_font_size_phone=&#8221;45px&#8221; header_2_font_size_last_edited=&#8221;on|desktop&#8221;]<\/p>\n<h1>Poio pescamar futbol sala<\/h1>\n<h2>O Club<\/h2>\n<p>Sumamos doce campa\u00f1as consecutivas en Primeira Divisi\u00f3n, sempre entre as oito mellores. Nas tempadas 2022\/2023 e 2023\/2024 xogamos os nosos primeiros playoffs polo t\u00edtulo. Ademais, conseguimos 4 Copas Galicia, as\u00ed como 1 subcampi\u00f3n de Copa da Ra\u00ed\u00f1a e dous subcampi\u00f3ns da Supercopa de Espa\u00f1a.<\/p>\n<p>[\/et_pb_text][\/et_pb_column][\/et_pb_row][\/et_pb_section][et_pb_section fb_built=&#8221;1&#8243; _builder_version=&#8221;4.9.7&#8243; _module_preset=&#8221;default&#8221; background_color=&#8221;#AC8923&#8243;][et_pb_row column_structure=&#8221;1_2,1_2&#8243; _builder_version=&#8221;4.9.7&#8243; _module_preset=&#8221;default&#8221;][et_pb_column type=&#8221;1_2&#8243; _builder_version=&#8221;4.9.7&#8243; _module_preset=&#8221;default&#8221;][et_pb_text _builder_version=&#8221;4.9.7&#8243; _module_preset=&#8221;default&#8221; quote_font=&#8221;||on||||||&#8221; quote_text_color=&#8221;#FFFFFF&#8221; quote_font_size=&#8221;48px&#8221; quote_line_height=&#8221;1.3em&#8221; quote_font_size_tablet=&#8221;&#8221; quote_font_size_phone=&#8221;35px&#8221; quote_font_size_last_edited=&#8221;on|phone&#8221;]<\/p>\n<blockquote>\n<p>\u201c<span>O pabell\u00f3n de A Seca \u00e9nchese cada fin de semana para alentar \u00e1s nosas xogadoras.<\/span>\u201d<\/p>\n<\/blockquote>\n<p>[\/et_pb_text][\/et_pb_column][et_pb_column type=&#8221;1_2&#8243; _builder_version=&#8221;4.9.7&#8243; _module_preset=&#8221;default&#8221;][et_pb_blurb title=&#8221;Primeira divisi\u00f3n&#8221; image=&#8221;https:\/\/poiopescamarfs.es\/wp-content\/uploads\/2021\/07\/boceto_0_03.png&#8221; alt=&#8221;Primeiro Equipo&#8221; icon_placement=&#8221;left&#8221; _builder_version=&#8221;4.9.7&#8243; _dynamic_attributes=&#8221;link_option_url&#8221; _module_preset=&#8221;default&#8221; header_font=&#8221;|700|||||||&#8221; header_text_color=&#8221;#FFFFFF&#8221; header_font_size=&#8221;48px&#8221; body_font=&#8221;|700||on|||||&#8221; body_text_color=&#8221;#FFFFFF&#8221; body_font_size=&#8221;22px&#8221; custom_margin=&#8221;0px||0px||false|false&#8221; custom_padding=&#8221;30px||35px||false|false&#8221; link_option_url=&#8221;@ET-DC@eyJkeW5hbWljIjp0cnVlLCJjb250ZW50IjoicG9zdF9saW5rX3VybF9wYWdlIiwic2V0dGluZ3MiOnsicG9zdF9pZCI6IjMxNCJ9fQ==@&#8221; header_font_size_tablet=&#8221;&#8221; header_font_size_phone=&#8221;35px&#8221; header_font_size_last_edited=&#8221;on|phone&#8221; custom_css_blurb_image=&#8221;width:100px;||margin-right:20px;&#8221; border_width_bottom=&#8221;1px&#8221; border_color_bottom=&#8221;#FFFFFF&#8221; background__hover_enabled=&#8221;on|hover&#8221; background_color__hover=&#8221;rgba(255,255,255,0.23)&#8221; background_enable_color__hover=&#8221;on&#8221; transform_styles__hover_enabled=&#8221;on|hover&#8221; transform_scale__hover_enabled=&#8221;on|hover&#8221; transform_translate__hover_enabled=&#8221;on|desktop&#8221; transform_rotate__hover_enabled=&#8221;on|desktop&#8221; transform_skew__hover_enabled=&#8221;on|desktop&#8221; transform_origin__hover_enabled=&#8221;on|desktop&#8221; transform_origin__hover=&#8221;72%|48%&#8221;]<\/p>\n<p>\u00a1Co\u00f1ece o equipo!<\/p>\n<p>[\/et_pb_blurb][et_pb_blurb title=&#8221;ED Poio&#8221; image=&#8221;https:\/\/poiopescamarfs.es\/wp-content\/uploads\/2021\/07\/boceto_0_06.png&#8221; alt=&#8221;Canteira&#8221; icon_placement=&#8221;left&#8221; _builder_version=&#8221;4.9.7&#8243; _dynamic_attributes=&#8221;link_option_url&#8221; _module_preset=&#8221;default&#8221; header_font=&#8221;|700|||||||&#8221; header_text_color=&#8221;#FFFFFF&#8221; header_font_size=&#8221;48px&#8221; body_font=&#8221;|700||on|||||&#8221; body_text_color=&#8221;#FFFFFF&#8221; body_font_size=&#8221;22px&#8221; custom_margin=&#8221;0px||0px||false|false&#8221; custom_padding=&#8221;30px||35px||false|false&#8221; link_option_url=&#8221;@ET-DC@eyJkeW5hbWljIjp0cnVlLCJjb250ZW50IjoicG9zdF9saW5rX3VybF9wYWdlIiwic2V0dGluZ3MiOnsicG9zdF9pZCI6IjM1MSJ9fQ==@&#8221; header_font_size_tablet=&#8221;&#8221; header_font_size_phone=&#8221;35px&#8221; header_font_size_last_edited=&#8221;on|phone&#8221; custom_css_blurb_image=&#8221;width:100px;||margin-right:20px;&#8221; border_color_bottom=&#8221;#FFFFFF&#8221; background__hover_enabled=&#8221;on|hover&#8221; background_color__hover=&#8221;rgba(255,255,255,0.22)&#8221; background_enable_color__hover=&#8221;on&#8221;]<\/p>\n<p>A nosa escola deportiva<\/p>\n<p>[\/et_pb_blurb][\/et_pb_column][\/et_pb_row][\/et_pb_section][et_pb_section fb_built=&#8221;1&#8243; _builder_version=&#8221;4.9.7&#8243; _module_preset=&#8221;default&#8221; custom_margin=&#8221;||0px||false|false&#8221; custom_padding=&#8221;||0px||false|false&#8221;][et_pb_row _builder_version=&#8221;4.9.7&#8243; _module_preset=&#8221;default&#8221;][et_pb_column type=&#8221;4_4&#8243; _builder_version=&#8221;4.9.7&#8243; _module_preset=&#8221;default&#8221;][et_pb_blog posts_number=&#8221;2&#8243; include_categories=&#8221;all&#8221; excerpt_length=&#8221;0&#8243; show_author=&#8221;off&#8221; show_categories=&#8221;off&#8221; show_excerpt=&#8221;off&#8221; show_pagination=&#8221;off&#8221; _builder_version=&#8221;4.9.7&#8243; _module_preset=&#8221;default&#8221; header_font=&#8221;|700|||||||&#8221; header_text_color=&#8221;#484848&#8243; header_font_size=&#8221;30px&#8221; meta_font=&#8221;|600|||||||&#8221; meta_text_color=&#8221;#AC8923&#8243; meta_font_size=&#8221;18px&#8221; custom_margin=&#8221;0px||0px||false|false&#8221; custom_padding=&#8221;||0px||false|false&#8221; header_text_color__hover_enabled=&#8221;on|hover&#8221; header_text_color__hover=&#8221;#AC8923&#8243;][\/et_pb_blog][\/et_pb_column][\/et_pb_row][\/et_pb_section][et_pb_section fb_built=&#8221;1&#8243; disabled_on=&#8221;on|on|off&#8221; module_class=&#8221;galeria-home&#8221; _builder_version=&#8221;4.9.7&#8243; _module_preset=&#8221;default&#8221; custom_margin=&#8221;0px||0px||false|false&#8221; custom_padding=&#8221;0px||0px||false|false&#8221;][et_pb_row disabled_on=&#8221;on|on|off&#8221; _builder_version=&#8221;4.9.7&#8243; _module_preset=&#8221;default&#8221; width=&#8221;100%&#8221; max_width=&#8221;100%&#8221; custom_margin=&#8221;0px||0px||false|false&#8221; custom_padding=&#8221;0px||0px||false|false&#8221;][et_pb_column type=&#8221;4_4&#8243; _builder_version=&#8221;4.9.7&#8243; _module_preset=&#8221;default&#8221;][et_pb_gallery gallery_ids=&#8221;425,423,402,404,406&#8243; posts_number=&#8221;5&#8243; show_title_and_caption=&#8221;off&#8221; show_pagination=&#8221;off&#8221; _builder_version=&#8221;4.9.7&#8243; _module_preset=&#8221;default&#8221;][\/et_pb_gallery][\/et_pb_column][\/et_pb_row][\/et_pb_section]<\/p>\n","protected":false},"excerpt":{"rendered":"<p>[et_pb_section fb_built=&#8221;1&#8243; _builder_version=&#8221;4.9.7&#8243; _module_preset=&#8221;default&#8221; custom_margin=&#8221;0px||0px||false|false&#8221; custom_padding=&#8221;0px||0px||false|false&#8221;][et_pb_row disabled_on=&#8221;on|on|on&#8221; _builder_version=&#8221;4.9.7&#8243; _module_preset=&#8221;default&#8221; width=&#8221;100%&#8221; max_width=&#8221;100%&#8221; custom_margin=&#8221;0px||0px||false|false&#8221; custom_padding=&#8221;0px||0px||false|false&#8221; disabled=&#8221;on&#8221;][et_pb_column type=&#8221;4_4&#8243; _builder_version=&#8221;4.9.7&#8243; _module_preset=&#8221;default&#8221;][et_pb_slider _builder_version=&#8221;4.9.7&#8243; _module_preset=&#8221;default&#8221; header_font=&#8221;|800|||||||&#8221; module_alignment=&#8221;right&#8221; content_max_width=&#8221;60%&#8221; min_height=&#8221;600px&#8221; min_height_tablet=&#8221;240px&#8221; min_height_phone=&#8221;100px&#8221; min_height_last_edited=&#8221;on|phone&#8221; auto=&#8221;on&#8221; auto_speed=&#8221;6000&#8243; auto_ignore_hover=&#8221;on&#8221;][et_pb_slide _builder_version=&#8221;4.9.7&#8243; _module_preset=&#8221;default&#8221; background_image=&#8221;https:\/\/poiopescamarfs.es\/wp-content\/uploads\/2025\/08\/Portada-Web-08-25.jpg&#8221; background_enable_image=&#8221;on&#8221; sticky_transition=&#8221;on&#8221;][\/et_pb_slide][\/et_pb_slider][\/et_pb_column][\/et_pb_row][et_pb_row _builder_version=&#8221;4.9.7&#8243; _module_preset=&#8221;default&#8221; width=&#8221;100%&#8221; max_width=&#8221;100%&#8221; custom_margin=&#8221;0px||0px||false|false&#8221; custom_padding=&#8221;0px||0px||false|false&#8221; locked=&#8221;off&#8221;][et_pb_column type=&#8221;4_4&#8243; _builder_version=&#8221;4.9.7&#8243; _module_preset=&#8221;default&#8221;][et_pb_image src=&#8221;https:\/\/poiopescamarfs.es\/wp-content\/uploads\/2025\/08\/Portada-Web-08-25.jpg&#8221; title_text=&#8221;Portada Web-08-25&#8243; align=&#8221;center&#8221; force_fullwidth=&#8221;on&#8221; _builder_version=&#8221;4.9.7&#8243; _module_preset=&#8221;default&#8221;][\/et_pb_image][\/et_pb_column][\/et_pb_row][\/et_pb_section][et_pb_section fb_built=&#8221;1&#8243; _builder_version=&#8221;4.9.7&#8243; _module_preset=&#8221;default&#8221;][et_pb_row column_structure=&#8221;1_2,1_2&#8243; [&hellip;]<\/p>\n","protected":false},"author":1,"featured_media":0,"parent":0,"menu_order":0,"comment_status":"closed","ping_status":"closed","template":"","meta":{"_et_pb_use_builder":"on","_et_pb_old_content":"","_et_gb_content_width":""},"yoast_head":"<!-- This site is optimized with the Yoast SEO plugin v16.1.1 - https:\/\/yoast.com\/wordpress\/plugins\/seo\/ -->\n<title>Equipo Futbol Sala Poio Pescamar<\/title>\n<link rel=\"canonical\" href=\"https:\/\/poiopescamarfs.es\/gl\/\" \/>\n<meta property=\"og:locale\" content=\"gl_ES\" \/>\n<meta property=\"og:type\" content=\"article\" \/>\n<meta property=\"og:title\" content=\"Equipo Futbol Sala Poio Pescamar\" \/>\n<meta property=\"og:description\" content=\"[et_pb_section fb_built=&#8221;1&#8243; _builder_version=&#8221;4.9.7&#8243; _module_preset=&#8221;default&#8221; custom_margin=&#8221;0px||0px||false|false&#8221; custom_padding=&#8221;0px||0px||false|false&#8221;][et_pb_row disabled_on=&#8221;on|on|on&#8221; _builder_version=&#8221;4.9.7&#8243; _module_preset=&#8221;default&#8221; width=&#8221;100%&#8221; max_width=&#8221;100%&#8221; custom_margin=&#8221;0px||0px||false|false&#8221; custom_padding=&#8221;0px||0px||false|false&#8221; disabled=&#8221;on&#8221;][et_pb_column type=&#8221;4_4&#8243; _builder_version=&#8221;4.9.7&#8243; _module_preset=&#8221;default&#8221;][et_pb_slider _builder_version=&#8221;4.9.7&#8243; _module_preset=&#8221;default&#8221; header_font=&#8221;|800|||||||&#8221; module_alignment=&#8221;right&#8221; content_max_width=&#8221;60%&#8221; min_height=&#8221;600px&#8221; min_height_tablet=&#8221;240px&#8221; min_height_phone=&#8221;100px&#8221; min_height_last_edited=&#8221;on|phone&#8221; auto=&#8221;on&#8221; auto_speed=&#8221;6000&#8243; auto_ignore_hover=&#8221;on&#8221;][et_pb_slide _builder_version=&#8221;4.9.7&#8243; _module_preset=&#8221;default&#8221; background_image=&#8221;https:\/\/poiopescamarfs.es\/wp-content\/uploads\/2025\/08\/Portada-Web-08-25.jpg&#8221; background_enable_image=&#8221;on&#8221; sticky_transition=&#8221;on&#8221;][\/et_pb_slide][\/et_pb_slider][\/et_pb_column][\/et_pb_row][et_pb_row _builder_version=&#8221;4.9.7&#8243; _module_preset=&#8221;default&#8221; width=&#8221;100%&#8221; max_width=&#8221;100%&#8221; custom_margin=&#8221;0px||0px||false|false&#8221; custom_padding=&#8221;0px||0px||false|false&#8221; locked=&#8221;off&#8221;][et_pb_column type=&#8221;4_4&#8243; _builder_version=&#8221;4.9.7&#8243; _module_preset=&#8221;default&#8221;][et_pb_image src=&#8221;https:\/\/poiopescamarfs.es\/wp-content\/uploads\/2025\/08\/Portada-Web-08-25.jpg&#8221; title_text=&#8221;Portada Web-08-25&#8243; align=&#8221;center&#8221; force_fullwidth=&#8221;on&#8221; _builder_version=&#8221;4.9.7&#8243; _module_preset=&#8221;default&#8221;][\/et_pb_image][\/et_pb_column][\/et_pb_row][\/et_pb_section][et_pb_section fb_built=&#8221;1&#8243; _builder_version=&#8221;4.9.7&#8243; _module_preset=&#8221;default&#8221;][et_pb_row column_structure=&#8221;1_2,1_2&#8243; [&hellip;]\" \/>\n<meta property=\"og:url\" content=\"https:\/\/poiopescamarfs.es\/gl\/\" \/>\n<meta property=\"og:site_name\" content=\"Poio Pescamar FS\" \/>\n<meta property=\"article:modified_time\" content=\"2025-08-21T12:32:53+00:00\" \/>\n<meta name=\"twitter:card\" content=\"summary_large_image\" \/>\n<script type=\"application\/ld+json\" class=\"yoast-schema-graph\">{\"@context\":\"https:\/\/schema.org\",\"@graph\":[{\"@type\":\"WebSite\",\"@id\":\"https:\/\/poiopescamarfs.es\/#website\",\"url\":\"https:\/\/poiopescamarfs.es\/\",\"name\":\"Poio Pescamar FS\",\"description\":\"\",\"potentialAction\":[{\"@type\":\"SearchAction\",\"target\":\"https:\/\/poiopescamarfs.es\/?s={search_term_string}\",\"query-input\":\"required name=search_term_string\"}],\"inLanguage\":\"gl-ES\"},{\"@type\":\"WebPage\",\"@id\":\"https:\/\/poiopescamarfs.es\/gl\/#webpage\",\"url\":\"https:\/\/poiopescamarfs.es\/gl\/\",\"name\":\"Equipo Futbol Sala Poio Pescamar\",\"isPartOf\":{\"@id\":\"https:\/\/poiopescamarfs.es\/#website\"},\"datePublished\":\"2022-01-10T10:03:18+00:00\",\"dateModified\":\"2025-08-21T12:32:53+00:00\",\"breadcrumb\":{\"@id\":\"https:\/\/poiopescamarfs.es\/gl\/#breadcrumb\"},\"inLanguage\":\"gl-ES\",\"potentialAction\":[{\"@type\":\"ReadAction\",\"target\":[\"https:\/\/poiopescamarfs.es\/gl\/\"]}]},{\"@type\":\"BreadcrumbList\",\"@id\":\"https:\/\/poiopescamarfs.es\/gl\/#breadcrumb\",\"itemListElement\":[{\"@type\":\"ListItem\",\"position\":1,\"item\":{\"@type\":\"WebPage\",\"@id\":\"https:\/\/poiopescamarfs.es\/gl\/\",\"url\":\"https:\/\/poiopescamarfs.es\/gl\/\",\"name\":\"Home\"}},{\"@type\":\"ListItem\",\"position\":2,\"item\":{\"@type\":\"WebPage\",\"@id\":\"https:\/\/poiopescamarfs.es\/gl\/\",\"url\":\"https:\/\/poiopescamarfs.es\/gl\/\",\"name\":\"Home\"}}]}]}<\/script>\n<!-- \/ Yoast SEO plugin. -->","_links":{"self":[{"href":"https:\/\/poiopescamarfs.es\/gl\/wp-json\/wp\/v2\/pages\/672"}],"collection":[{"href":"https:\/\/poiopescamarfs.es\/gl\/wp-json\/wp\/v2\/pages"}],"about":[{"href":"https:\/\/poiopescamarfs.es\/gl\/wp-json\/wp\/v2\/types\/page"}],"author":[{"embeddable":true,"href":"https:\/\/poiopescamarfs.es\/gl\/wp-json\/wp\/v2\/users\/1"}],"replies":[{"embeddable":true,"href":"https:\/\/poiopescamarfs.es\/gl\/wp-json\/wp\/v2\/comments?post=672"}],"version-history":[{"count":24,"href":"https:\/\/poiopescamarfs.es\/gl\/wp-json\/wp\/v2\/pages\/672\/revisions"}],"predecessor-version":[{"id":8021,"href":"https:\/\/poiopescamarfs.es\/gl\/wp-json\/wp\/v2\/pages\/672\/revisions\/8021"}],"wp:attachment":[{"href":"https:\/\/poiopescamarfs.es\/gl\/wp-json\/wp\/v2\/media?parent=672"}],"curies":[{"name":"wp","href":"https:\/\/api.w.org\/{rel}","templated":true}]}}