{"id":706,"date":"2022-01-10T11:53:23","date_gmt":"2022-01-10T11:53:23","guid":{"rendered":"https:\/\/poiopescamarfs.es\/aviso-legal\/"},"modified":"2022-01-10T11:53:34","modified_gmt":"2022-01-10T11:53:34","slug":"aviso-legal","status":"publish","type":"page","link":"https:\/\/poiopescamarfs.es\/gl\/aviso-legal\/","title":{"rendered":"Aviso Legal"},"content":{"rendered":"<p>[et_pb_section fb_built=&#8221;1&#8243; _builder_version=&#8221;3.22&#8243;][et_pb_row _builder_version=&#8221;3.25&#8243; background_size=&#8221;initial&#8221; background_position=&#8221;top_left&#8221; background_repeat=&#8221;repeat&#8221;][et_pb_column type=&#8221;4_4&#8243; _builder_version=&#8221;3.25&#8243; custom_padding=&#8221;|||&#8221; custom_padding__hover=&#8221;|||&#8221;][et_pb_text _builder_version=&#8221;4.9.7&#8243; text_font_size=&#8221;16px&#8221; header_font=&#8221;|700|||||||&#8221; header_text_color=&#8221;#484848&#8243; header_font_size=&#8221;50px&#8221; header_2_font=&#8221;|700|||||||&#8221; header_2_text_color=&#8221;#AC8923&#8243; header_2_font_size=&#8221;22px&#8221; background_size=&#8221;initial&#8221; background_position=&#8221;top_left&#8221; background_repeat=&#8221;repeat&#8221; hover_enabled=&#8221;0&#8243; header_font_size_last_edited=&#8221;on|phone&#8221; sticky_enabled=&#8221;0&#8243; header_font_size_phone=&#8221;35px&#8221;]<\/p>\n<div id=\"clickdatos\">\n<h1>Aviso legal<\/h1>\n<p>En el presente Aviso Legal, el Usuario, podr\u00e1 encontrar toda la informaci\u00f3n relativa a las condiciones legales que definen las relaciones entre los usuarios y el responsable de la p\u00e1gina web accesible en la direcci\u00f3n URL https:\/\/poiopescamarfs.es (en adelante, el sitio web), que CLUB POIO F\u00daTBOL SALA pone a disposici\u00f3n de los usuarios de Internet.<br \/>\n A utilizaci\u00f3n do sitio web implica a aceptaci\u00f3n plena e sen reservas de todas e cada unha das disposici\u00f3ns inclu\u00eddas neste Aviso Legal. En consecuencia, o usuario do sitio web debe ler atentamente o presente Aviso Legal en cada unha das ocasi\u00f3ns en que se propo\u00f1a utilizar a web, xa que o texto poder\u00eda sufrir modificaci\u00f3ns a criterio do titular da web, ou por mor dun cambio lexislativo, xurisprudencial ou na pr\u00e1ctica empresarial.<\/p>\n<h2>1.- DATOS DO RESPONSABLE TITULAR DO SITIO WEB.<\/h2>\n<p>Nome do titular: CLUB POIO F\u00daTBOL SALA<br \/>Domicilio social: R\u00faa Cami\u00f1o Real n\u00ba 4, 1\u00baA &#8211; Combarro, 36993 | POIO<br \/>C.I.F.: G36363083<br \/>Tel\u00e9fono de contacto: 697333273<br \/>\n Correo electr\u00f3nico: info@poiopescamarfs.es<\/p>\n<p>CLUB POIO F\u00daTBOL SALA \u00e9 o responsable do Sitio web e comprom\u00e9tese a cumprir con todos os requisitos nacionais e europeos que regulan o uso dos datos persoais dos usuarios.<\/p>\n<p>Este Sitio web garante a protecci\u00f3n e confidencialidade dos datos persoais que nos proporcionen de acordo co disposto no Regulamento Xeral de Protecci\u00f3n de Datos de Car\u00e1cter Persoal (UE) 2016\/679 do Parlamento Europeo e do Consello, do 27 de abril de 2016, na Lei Org\u00e1nica 3\/2018, de Protecci\u00f3n de Datos Persoais e garant\u00eda dos dereitos dixitais, as\u00ed como na Lei de Servizos da Sociedade da Informaci\u00f3n e Comercio Electr\u00f3nico 34\/2002 de 11 de xullo ( LSSI-CE)<\/p>\n<h2>2.- OBXECTO.<\/h2>\n<p>O sitio web facilita aos usuarios do mesmo o acceso a informaci\u00f3n e servizos prestados por CLUB POIO F\u00daTBOL SALA a aquelas persoas ou organizaci\u00f3ns interesadas nos mesmos.<\/p>\n<p>O acceso e a utilizaci\u00f3n do Sitio web atrib\u00fae a condici\u00f3n de usuario do Sitio web (en diante, o \u201cUsuario\u201d) e implica a aceptaci\u00f3n de todas as condici\u00f3ns inclu\u00eddas neste Aviso Legal as\u00ed como das s\u00faas modificaci\u00f3ns. A prestaci\u00f3n do servizo do Sitio web ten unha duraci\u00f3n limitada ao momento no que o Usuario se atope conectado ao Sitio web ou a alg\u00fan dos servizos que a trav\u00e9s do mesmo facil\u00edtanse. Por tanto, o Usuario debe ler atentamente o presente Aviso Legal en cada unha das ocasi\u00f3ns en que se propo\u00f1a utilizar o Sitio web, xa que este e as s\u00faas condici\u00f3ns de uso recollidas no presente Aviso Legal poden sufrir modificaci\u00f3ns.<\/p>\n<h2>3.- ACCESO E UTILIZACI\u00d3N DA WEB.<\/h2>\n<p>3.1.- Car\u00e1cter gratu\u00edto do acceso e utilizaci\u00f3n da web. O acceso \u00e1 web ten car\u00e1cter gratu\u00edto para os usuarios da mesma, salvo no relativo ao custo da conexi\u00f3n a trav\u00e9s da rede de telecomunicaci\u00f3ns fornecida polo provedor de acceso contratado polos usuarios.<br \/>3.2.- Rexistro de usuarios. Con car\u00e1cter xeral o acceso e utilizaci\u00f3n da web non esixe a previa subscrici\u00f3n ou rexistro dos usuarios da mesma.<br \/>3.3.- Os usuarios garanten e responden, en calquera caso, da exactitude, vixencia e autenticidade dos datos persoais facilitados, e comprom\u00e9tense a mantelos debidamente actualizados. O usuario acepta proporcionar informaci\u00f3n completa e correcta no formulario de contacto ou subscrici\u00f3n.<\/p>\n<p>En ning\u00fan caso solicitaranse do menor de idade datos relativos \u00e1 situaci\u00f3n profesional, econ\u00f3mica ou \u00e1 intimidade dos outros membros da familia, sen o consentimento destes. Se es menor de trece anos e accediches a este sitio web sen avisar aos teus pais non debes rexistrarche como usuario.<\/p>\n<p>Nesta web resp\u00e9ctanse e coidan os datos persoais dos usuarios. Como usuario debes saber que os teus dereitos est\u00e1n garantidos.<\/p>\n<h2>4.- CONTIDOS DA WEB.<\/h2>\n<p>O idioma utilizado polo titular na web ser\u00e1 o castel\u00e1n. CLUB POIO F\u00daTBOL SALA non se responsabiliza da non comprensi\u00f3n ou entendemento do idioma da web polo usuario, nin das s\u00faas consecuencias.<br \/>CLUB POIO F\u00daTBOL SALA poder\u00e1 modificar os contidos sen aviso previo\/previo aviso, as\u00ed como suprimir e cambiar estes dentro da web, como a forma en que se accede a estes, sen xustificaci\u00f3n algunha e libremente, non responsabiliz\u00e1ndose das consecuencias que os mesmos poidan ocasionar aos usuarios.<br \/>Proh\u00edbese o uso dos contidos da web para promocionar, contratar ou divulgar publicidade ou informaci\u00f3n propia ou de terceiras persoas sen a autorizaci\u00f3n de CLUB POIO F\u00daTBOL SALA, nin remitir publicidade ou informaci\u00f3n val\u00e9ndose para iso dos servizos ou informaci\u00f3n que se po\u00f1en ao dispor dos usuarios, independentemente de se a utilizaci\u00f3n \u00e9 gratu\u00edta ou non.<br \/>As ligaz\u00f3ns ou hiperligaz\u00f3ns que incorporen terceiros nas s\u00faas p\u00e1xinas web, dirixidos a esta web, ser\u00e1n para a apertura da p\u00e1xina web completa, non podendo manifestar, directa ou indirectamente, indicaci\u00f3ns falsas, inexactas ou confusas, nin incorrer en acci\u00f3ns desleais ou il\u00edcitas en contra de CLUB POIO F\u00daTBOL SALA<\/p>\n<h2>5.- MEDIDAS DE SEGURIDADE.<\/h2>\n<p>Os datos persoais comunicados polo usuario poder\u00e1n ser almacenados en bases de datos automatizadas ou non, cuxa titularidade corresponde en exclusiva a CLUB POIO F\u00daTBOL SALA, asumindo todas as medidas de \u00edndole t\u00e9cnica, organizativa e de seguridade que garantan a confidencialidade, integridade e calidade da informaci\u00f3n contida nas mesmas de acordo co establecido nas normativas vixentes en materia de protecci\u00f3n de datos de car\u00e1cter persoal.<\/p>\n<h2>6.- LIMITACI\u00d3N DE RESPONSABILIDADE.<\/h2>\n<p>Tanto o acceso \u00e1 web como o uso non consentido que poida efectuarse da informaci\u00f3n contida na mesma \u00e9 da exclusiva responsabilidade de quen o realiza. CLUB POIO F\u00daTBOL SALA non responder\u00e1 de ningunha consecuencia, dano ou prexu\u00edzo que puidesen derivarse do devandito acceso ou uso. CLUB POIO F\u00daTBOL SALA non se fai responsable dos erros de seguridade, que se poidan producir nin dos danos que poidan causarse ao sistema inform\u00e1tico do usuario (hardware e software), ou aos ficheiros ou documentos almacenados no mesmo, como consecuencia de:<br \/>\n \u2013 a presenza dun virus no computador do usuario que sexa utilizado para a conexi\u00f3n aos servizos e contidos da web.<br \/>\u2013 un mal funcionamento do navegador.<br \/>\u2013 e\/ou do uso de versi\u00f3ns non actualizadas do mesmo.<br \/>CLUB POIO F\u00daTBOL SALA non se fai responsable da fiabilidade e rapidez dos hiperligaz\u00f3ns que se incorporen na web para a apertura doutras. CLUB POIO F\u00daTBOL SALA non garante a utilidade destas ligaz\u00f3ns, nin se responsabiliza dos contidos ou servizos aos que poida acceder o usuario por medio destas ligaz\u00f3ns, nin do bo funcionamento destas webs.<br \/>CLUB POIO F\u00daTBOL SALA non ser\u00e1 responsable dos virus ou demais programas inform\u00e1ticos que deterioren ou poidan deteriorar os sistemas ou equipos inform\u00e1ticos dos usuarios ao acceder \u00e1 s\u00faa web ou outras webs \u00e1s que se accedeu mediante ligaz\u00f3ns desta web.<\/p>\n<h2>7.- EMPREGO DA TECNOLOX\u00cdA &#8220;COOKIE&#8221;.<\/h2>\n<p>O Sitio web pode empregar cookies ou tecnolox\u00edas similares que se rexer\u00e1n polo establecido na Pol\u00edtica de Cookies, accesible en todo momento e respectando a confidencialidade e intimidade do usuario, sendo parte integrante do presente Aviso Legal.<\/p>\n<h2>8.- NAVEGACI\u00d3N.<\/h2>\n<p>Os servidores da internet poden recoller datos non identificables, que poidan inclu\u00edr, direcci\u00f3ns IP, e outros datos que non poden ser utilizados para identificar o usuario. A s\u00faa direcci\u00f3n IP almacenarase nos logs de acceso de forma autom\u00e1tica e coa \u00fanica finalidade de permitir o tr\u00e1nsito por Internet, sendo necesario que o seu equipo facilite esta direcci\u00f3n IP cando navega por Internet para que as comunicaci\u00f3ns poidan realizarse. As\u00ed mesmo, a direcci\u00f3n IP poder\u00e1 ser utilizada para realizar estat\u00edsticas, de maneira an\u00f3nima, sobre o n\u00famero de visitantes desta web e a s\u00faa procedencia, de forma totalmente transparente \u00e1 s\u00faa navegaci\u00f3n.<\/p>\n<h2>9.- PROPIEDADE INTELECTUAL E INDUSTRIAL<\/h2>\n<p>O usuario co\u00f1ece e acepta que todos os contidos e\/ou calquera outros elementos do sitio web son propiedade de CLUB POIO F\u00daTBOL SALA, e comprom\u00e9tese a respectar os dereitos de propiedade intelectual e industrial titularidade de CLUB POIO F\u00daTBOL SALA. Calquera uso da web ou os seus contidos deber\u00e1 ter un car\u00e1cter exclusivamente particular.<br \/>Est\u00e1 reservado exclusivamente a CLUB POIO F\u00daTBOL SALA, calquera outro uso que supo\u00f1a a copia, reproduci\u00f3n, distribuci\u00f3n, transformaci\u00f3n, comunicaci\u00f3n p\u00fablica ou calquera outra acci\u00f3n similar, de todo ou parte dos contidos da web, polo que ning\u00fan usuario poder\u00e1 levar a cabo estas acci\u00f3ns sen a autorizaci\u00f3n previa e por escrito de CLUB POIO F\u00daTBOL SALA<\/p>\n<h2>10.- LEXISLACI\u00d3N APLICABLE E XURISDICI\u00d3N COMPETENTE<\/h2>\n<p>O presente Aviso Legal interpretarase e rexer\u00e1 de conformidade coa lexislaci\u00f3n espa\u00f1ola. CLUB POIO F\u00daTBOL SALA e os usuarios, con renuncia expresa a calquera outro foro que puidese corresponderlles, som\u00e9tense ao dos xulgados e tribunais do domicilio do usuario para calquera controversia que puidese derivarse do acceso ou uso da web. No caso de que o usuario te\u00f1a o seu domicilio f\u00f3ra de Espa\u00f1a, CLUB POIO F\u00daTBOL SALA e o usuario, som\u00e9tense, con renuncia expresa a calquera outro foro, aos xulgados e tribunais do domicilio de CLUB POIO F\u00daTBOL SALA<\/p>\n<\/div>\n<p>[\/et_pb_text][\/et_pb_column][\/et_pb_row][\/et_pb_section]<\/p>\n","protected":false},"excerpt":{"rendered":"<p>[et_pb_section fb_built=&#8221;1&#8243; _builder_version=&#8221;3.22&#8243;][et_pb_row _builder_version=&#8221;3.25&#8243; background_size=&#8221;initial&#8221; background_position=&#8221;top_left&#8221; background_repeat=&#8221;repeat&#8221;][et_pb_column type=&#8221;4_4&#8243; _builder_version=&#8221;3.25&#8243; custom_padding=&#8221;|||&#8221; custom_padding__hover=&#8221;|||&#8221;][et_pb_text _builder_version=&#8221;4.9.7&#8243; text_font_size=&#8221;16px&#8221; header_font=&#8221;|700|||||||&#8221; header_text_color=&#8221;#484848&#8243; header_font_size=&#8221;50px&#8221; header_2_font=&#8221;|700|||||||&#8221; header_2_text_color=&#8221;#AC8923&#8243; header_2_font_size=&#8221;22px&#8221; background_size=&#8221;initial&#8221; background_position=&#8221;top_left&#8221; background_repeat=&#8221;repeat&#8221; hover_enabled=&#8221;0&#8243; header_font_size_last_edited=&#8221;on|phone&#8221; sticky_enabled=&#8221;0&#8243; header_font_size_phone=&#8221;35px&#8221;] Aviso legal En el presente Aviso Legal, el Usuario, podr\u00e1 encontrar toda la informaci\u00f3n relativa a las condiciones legales que definen las relaciones entre los usuarios y el responsable [&hellip;]<\/p>\n","protected":false},"author":1,"featured_media":0,"parent":0,"menu_order":0,"comment_status":"closed","ping_status":"closed","template":"","meta":{"_et_pb_use_builder":"on","_et_pb_old_content":"","_et_gb_content_width":""},"yoast_head":"<!-- This site is optimized with the Yoast SEO plugin v16.1.1 - https:\/\/yoast.com\/wordpress\/plugins\/seo\/ -->\n<title>Aviso Legal - Poio Pescamar FS<\/title>\n<link rel=\"canonical\" href=\"https:\/\/poiopescamarfs.es\/gl\/aviso-legal\/\" \/>\n<meta property=\"og:locale\" content=\"gl_ES\" \/>\n<meta property=\"og:type\" content=\"article\" \/>\n<meta property=\"og:title\" content=\"Aviso Legal - Poio Pescamar FS\" \/>\n<meta property=\"og:description\" content=\"[et_pb_section fb_built=&#8221;1&#8243; _builder_version=&#8221;3.22&#8243;][et_pb_row _builder_version=&#8221;3.25&#8243; background_size=&#8221;initial&#8221; background_position=&#8221;top_left&#8221; background_repeat=&#8221;repeat&#8221;][et_pb_column type=&#8221;4_4&#8243; _builder_version=&#8221;3.25&#8243; custom_padding=&#8221;|||&#8221; custom_padding__hover=&#8221;|||&#8221;][et_pb_text _builder_version=&#8221;4.9.7&#8243; text_font_size=&#8221;16px&#8221; header_font=&#8221;|700|||||||&#8221; header_text_color=&#8221;#484848&#8243; header_font_size=&#8221;50px&#8221; header_2_font=&#8221;|700|||||||&#8221; header_2_text_color=&#8221;#AC8923&#8243; header_2_font_size=&#8221;22px&#8221; background_size=&#8221;initial&#8221; background_position=&#8221;top_left&#8221; background_repeat=&#8221;repeat&#8221; hover_enabled=&#8221;0&#8243; header_font_size_last_edited=&#8221;on|phone&#8221; sticky_enabled=&#8221;0&#8243; header_font_size_phone=&#8221;35px&#8221;] Aviso legal En el presente Aviso Legal, el Usuario, podr\u00e1 encontrar toda la informaci\u00f3n relativa a las condiciones legales que definen las relaciones entre los usuarios y el responsable [&hellip;]\" \/>\n<meta property=\"og:url\" content=\"https:\/\/poiopescamarfs.es\/gl\/aviso-legal\/\" \/>\n<meta property=\"og:site_name\" content=\"Poio Pescamar FS\" \/>\n<meta property=\"article:modified_time\" content=\"2022-01-10T11:53:34+00:00\" \/>\n<meta name=\"twitter:card\" content=\"summary_large_image\" \/>\n<meta name=\"twitter:label1\" content=\"Tempo de lectura\">\n\t<meta name=\"twitter:data1\" content=\"8 minutos\">\n<script type=\"application\/ld+json\" class=\"yoast-schema-graph\">{\"@context\":\"https:\/\/schema.org\",\"@graph\":[{\"@type\":\"WebSite\",\"@id\":\"https:\/\/poiopescamarfs.es\/#website\",\"url\":\"https:\/\/poiopescamarfs.es\/\",\"name\":\"Poio Pescamar FS\",\"description\":\"\",\"potentialAction\":[{\"@type\":\"SearchAction\",\"target\":\"https:\/\/poiopescamarfs.es\/?s={search_term_string}\",\"query-input\":\"required name=search_term_string\"}],\"inLanguage\":\"gl-ES\"},{\"@type\":\"WebPage\",\"@id\":\"https:\/\/poiopescamarfs.es\/gl\/aviso-legal\/#webpage\",\"url\":\"https:\/\/poiopescamarfs.es\/gl\/aviso-legal\/\",\"name\":\"Aviso Legal - Poio Pescamar FS\",\"isPartOf\":{\"@id\":\"https:\/\/poiopescamarfs.es\/#website\"},\"datePublished\":\"2022-01-10T11:53:23+00:00\",\"dateModified\":\"2022-01-10T11:53:34+00:00\",\"breadcrumb\":{\"@id\":\"https:\/\/poiopescamarfs.es\/gl\/aviso-legal\/#breadcrumb\"},\"inLanguage\":\"gl-ES\",\"potentialAction\":[{\"@type\":\"ReadAction\",\"target\":[\"https:\/\/poiopescamarfs.es\/gl\/aviso-legal\/\"]}]},{\"@type\":\"BreadcrumbList\",\"@id\":\"https:\/\/poiopescamarfs.es\/gl\/aviso-legal\/#breadcrumb\",\"itemListElement\":[{\"@type\":\"ListItem\",\"position\":1,\"item\":{\"@type\":\"WebPage\",\"@id\":\"https:\/\/poiopescamarfs.es\/gl\/\",\"url\":\"https:\/\/poiopescamarfs.es\/gl\/\",\"name\":\"Home\"}},{\"@type\":\"ListItem\",\"position\":2,\"item\":{\"@type\":\"WebPage\",\"@id\":\"https:\/\/poiopescamarfs.es\/gl\/aviso-legal\/\",\"url\":\"https:\/\/poiopescamarfs.es\/gl\/aviso-legal\/\",\"name\":\"Aviso Legal\"}}]}]}<\/script>\n<!-- \/ Yoast SEO plugin. -->","_links":{"self":[{"href":"https:\/\/poiopescamarfs.es\/gl\/wp-json\/wp\/v2\/pages\/706"}],"collection":[{"href":"https:\/\/poiopescamarfs.es\/gl\/wp-json\/wp\/v2\/pages"}],"about":[{"href":"https:\/\/poiopescamarfs.es\/gl\/wp-json\/wp\/v2\/types\/page"}],"author":[{"embeddable":true,"href":"https:\/\/poiopescamarfs.es\/gl\/wp-json\/wp\/v2\/users\/1"}],"replies":[{"embeddable":true,"href":"https:\/\/poiopescamarfs.es\/gl\/wp-json\/wp\/v2\/comments?post=706"}],"version-history":[{"count":5,"href":"https:\/\/poiopescamarfs.es\/gl\/wp-json\/wp\/v2\/pages\/706\/revisions"}],"predecessor-version":[{"id":711,"href":"https:\/\/poiopescamarfs.es\/gl\/wp-json\/wp\/v2\/pages\/706\/revisions\/711"}],"wp:attachment":[{"href":"https:\/\/poiopescamarfs.es\/gl\/wp-json\/wp\/v2\/media?parent=706"}],"curies":[{"name":"wp","href":"https:\/\/api.w.org\/{rel}","templated":true}]}}